{"id":27568,"date":"2024-11-19T13:41:48","date_gmt":"2024-11-19T12:41:48","guid":{"rendered":"https:\/\/vaesen.eu\/product\/leinoel-1-l\/"},"modified":"2024-11-19T13:41:48","modified_gmt":"2024-11-19T12:41:48","slug":"leinoel-1-l","status":"publish","type":"product","link":"https:\/\/vaesen.eu\/de\/produkt\/leinoel-1-l\/","title":{"rendered":"Lein\u00f6l 1 l"},"content":{"rendered":"<h3><span style=\"color: #00214d;\">Futtermittel<\/span><\/h3>\n<p><span style=\"color: #00214d;\"><strong>AviMax Forte Lein\u00f6l<\/strong> tr\u00e4gt zu einem gl\u00e4nzenden Fell bei und regt die Verdauung an. Dar\u00fcber hinaus unterst\u00fctzt dieses \u00d6l das Herz und die Blutgef\u00e4\u00dfe.   <\/span><\/p>\n<p><span style=\"color: #00214d;\"><strong>Zusammensetzung<\/strong> : Lein\u00f6l<\/span><\/p>\n<p><span style=\"color: #00214d;\"><strong>Dosierung<\/strong> :<\/span><br \/> <span style=\"color: #00214d;\">-V\u00f6gel: 5 ml pro Kilo Futter, t\u00e4glich<\/span><br \/> <span style=\"color: #00214d;\">-Tauben: 10 ml pro Kilo Futter t\u00e4glich<\/span><\/p>\n<p><span style=\"color: #00214d;\">K\u00fchl und trocken lagern. Sorgen Sie f\u00fcr ausreichend frisches Trinkwasser. <\/span><\/p>\n<p><span style=\"color: #00214d;\"><a style=\"color: #00214d;\" href=\"https:\/\/cdn.webshopapp.com\/shops\/170285\/files\/388136354\/mediguard-linseed-oil.pdf\" target=\"_blank\" rel=\"noopener\">Klicken Sie hier f\u00fcr die Komposition.<\/a><\/span><\/p>\n","protected":false},"excerpt":{"rendered":"<p>AviMax Forte Lein\u00f6l 1 L<\/p>\n","protected":false},"featured_media":20550,"comment_status":"open","ping_status":"closed","template":"","meta":[],"pwb-brand":[],"product_brand":[],"product_cat":[277],"product_tag":[],"class_list":{"0":"post-27568","1":"product","2":"type-product","3":"status-publish","4":"has-post-thumbnail","6":"product_cat-oelergaenzungen-fuer-voegel","7":"pa_brand-avimax-forte-de","8":"yith_product_brand-avimax-forte-de","10":"first","11":"instock","12":"taxable","13":"shipping-taxable","14":"purchasable","15":"product-type-simple"},"brands":[],"_links":{"self":[{"href":"https:\/\/vaesen.eu\/de\/wp-json\/wp\/v2\/product\/27568","targetHints":{"allow":["GET"]}}],"collection":[{"href":"https:\/\/vaesen.eu\/de\/wp-json\/wp\/v2\/product"}],"about":[{"href":"https:\/\/vaesen.eu\/de\/wp-json\/wp\/v2\/types\/product"}],"replies":[{"embeddable":true,"href":"https:\/\/vaesen.eu\/de\/wp-json\/wp\/v2\/comments?post=27568"}],"version-history":[{"count":0,"href":"https:\/\/vaesen.eu\/de\/wp-json\/wp\/v2\/product\/27568\/revisions"}],"wp:featuredmedia":[{"embeddable":true,"href":"https:\/\/vaesen.eu\/de\/wp-json\/wp\/v2\/media\/20550"}],"wp:attachment":[{"href":"https:\/\/vaesen.eu\/de\/wp-json\/wp\/v2\/media?parent=27568"}],"wp:term":[{"taxonomy":"pwb-brand","embeddable":true,"href":"https:\/\/vaesen.eu\/de\/wp-json\/wp\/v2\/pwb-brand?post=27568"},{"taxonomy":"product_brand","embeddable":true,"href":"https:\/\/vaesen.eu\/de\/wp-json\/wp\/v2\/product_brand?post=27568"},{"taxonomy":"product_cat","embeddable":true,"href":"https:\/\/vaesen.eu\/de\/wp-json\/wp\/v2\/product_cat?post=27568"},{"taxonomy":"product_tag","embeddable":true,"href":"https:\/\/vaesen.eu\/de\/wp-json\/wp\/v2\/product_tag?post=27568"}],"curies":[{"name":"wp","href":"https:\/\/api.w.org\/{rel}","templated":true}]}}